{"id":336,"date":"2026-03-11T10:12:36","date_gmt":"2026-03-11T10:12:36","guid":{"rendered":"https:\/\/xn--tcsmrrebrd-3cbf.dk\/?page_id=336"},"modified":"2026-03-11T10:29:24","modified_gmt":"2026-03-11T10:29:24","slug":"handelsbetingelser","status":"publish","type":"page","link":"https:\/\/xn--tcsmrrebrd-3cbf.dk\/index.php\/handelsbetingelser\/","title":{"rendered":"Handelsbetingelser"},"content":{"rendered":"\t\t<div data-elementor-type=\"wp-page\" data-elementor-id=\"336\" class=\"elementor elementor-336\" data-elementor-post-type=\"page\">\n\t\t\t\t<div class=\"elementor-element elementor-element-55df4a86 e-flex e-con-boxed e-con e-parent\" data-id=\"55df4a86\" data-element_type=\"container\" data-e-type=\"container\">\n\t\t\t\t\t<div class=\"e-con-inner\">\n\t\t\t\t<div class=\"elementor-element elementor-element-6cea5a0 elementor-widget elementor-widget-heading\" data-id=\"6cea5a0\" data-element_type=\"widget\" data-e-type=\"widget\" data-widget_type=\"heading.default\">\n\t\t\t\t\t<h1 class=\"elementor-heading-title elementor-size-default\">Handelsbetingelser<\/h1>\t\t\t\t<\/div>\n\t\t\t\t<div class=\"elementor-element elementor-element-79574911 elementor-widget elementor-widget-text-editor\" data-id=\"79574911\" data-element_type=\"widget\" data-e-type=\"widget\" data-widget_type=\"text-editor.default\">\n\t\t\t\t\t\t\t\t\t\n<p><strong>Bestilling<\/strong><\/p>\n\n<p>Alle bestillinger p\u00e5 TC Sm\u00f8rrebr\u00f8d skal ske som f\u00f8lger, medmindre andet er aftalt:<\/p>\n\n<ol class=\"wp-block-list\">\n<li>Indtast dine kundeoplysninger, v\u00e6lg leveringsform og leveringstidspunkt<\/li>\n\n<li>V\u00e6lg varer og antal, som du \u00f8nsker, og l\u00e6g dem i indk\u00f8bskurven<\/li>\n\n<li>Fra indk\u00f8bskurven p\u00e5 sidens h\u00f8jre side kan du l\u00f8bende f\u00f8lge din bestilling og v\u00e6lge &#8220;g\u00e5 til kurv&#8221;<\/li>\n\n<li>Fra vareoversigten kan ordren justeres, hvorefter der forts\u00e6ttes til levering<\/li>\n\n<li>Bekr\u00e6ft at alle oplysninger er korrekte, accept\u00e9r vores handelsbetingelser og godkend ordren ved at betale<\/li>\n<\/ol>\n<hr class=\"wp-block-separator has-alpha-channel-opacity\" \/>\n<p><strong>Generelle \u00e6ndrings- og annulleringsvilk\u00e5r<\/strong><\/p>\n\n<p>Vi \u00f8nsker at v\u00e6re s\u00e5 fleksible som muligt, men da vi laver maden fra bunden og bemander afh\u00e6ngig af travlhed, har vi nogle vilk\u00e5r omkring \u00e6ndringer og annullering. Medmindre andet er specifikt skriftligt aftalt fra vores side, forholder vi os til nedenst\u00e5ende vilk\u00e5r.<\/p>\n\n<p><strong>Ordrer under 2.000 kr. inkl. moms<\/strong><\/p>\n\n<ul class=\"wp-block-list\">\n<li>\u00c6ndringer og annullering kan foretages indtil kl. 15:00 dagen f\u00f8r levering.<\/li>\n\n<li>\u00c6ndringer\/annullering kan ske via mail\n<ul class=\"wp-block-list\"><\/ul>\n<\/li>\n<!-- \/wp:list-item --><!-- wp:list-item -->\n<li>Uden for disse rammer er \u00e6ndringer\/annullering normalt ikke mulige, men kontakt os gerne for at h\u00f8re om mulighederne.<\/li>\n<!-- \/wp:list-item --><\/ul>\n<!-- \/wp:list --><!-- wp:paragraph -->\n<p><strong>Ordrer fra 2.000 kr. til 15.000 kr. inkl. moms<\/strong><\/p>\n<!-- \/wp:paragraph --><!-- wp:list -->\n<ul class=\"wp-block-list\"><!-- wp:list-item -->\n<li>\u00c6ndringer kan foretages indtil kl. 15:00 dagen f\u00f8r levering.<\/li>\n<!-- \/wp:list-item --><!-- wp:list-item -->\n<li>Annullering kan ske med 3 d\u00f8gns varsel.<\/li>\n<!-- \/wp:list-item --><!-- wp:list-item -->\n<li>Ved annullering senere end 3 d\u00f8gn f\u00f8r levering g\u00e6lder:<!-- wp:list -->\n<ul class=\"wp-block-list\"><!-- wp:list-item -->\n<li>TC Sm\u00f8rrebr\u00f8d opkr\u00e6ver 75% af ordresummen.<\/li>\n<!-- \/wp:list-item --><!-- wp:list-item -->\n<li>Mindre end 1 d\u00f8gn f\u00f8r: TC Sm\u00f8rrebr\u00f8d opkr\u00e6ver 100% af ordresummen.<\/li>\n<!-- \/wp:list-item --><\/ul>\n<!-- \/wp:list --><\/li>\n<!-- \/wp:list-item --><!-- wp:list-item -->\n<li>Uden for disse rammer er \u00e6ndringer\/annullering normalt ikke mulige, men kontakt os gerne for at h\u00f8re om mulighederne.<\/li>\n<!-- \/wp:list-item --><\/ul>\n<!-- \/wp:list --><!-- wp:paragraph -->\n<p><strong>Ordrer fra 15.000 kr. til 50.000 kr. inkl. moms<\/strong><\/p>\n<!-- \/wp:paragraph --><!-- wp:list -->\n<ul class=\"wp-block-list\"><!-- wp:list-item -->\n<li>\u00c6ndringer kan foretages senest 3 d\u00f8gn f\u00f8r levering.<\/li>\n<!-- \/wp:list-item --><!-- wp:list-item -->\n<li>Annullering kan ske med 5 hverdages varsel.<\/li>\n<!-- \/wp:list-item --><!-- wp:list-item -->\n<li>Ved annullering senere end 5 hverdage f\u00f8r levering g\u00e6lder:<!-- wp:list -->\n<ul class=\"wp-block-list\"><!-- wp:list-item -->\n<li>TC Sm\u00f8rrebr\u00f8d opkr\u00e6ver 75% af ordresummen.<\/li>\n<!-- \/wp:list-item --><!-- wp:list-item -->\n<li>Mindre end 3 hverdage f\u00f8r: TC Sm\u00f8rrebr\u00f8d opkr\u00e6ver 100% af ordresummen.<\/li>\n<!-- \/wp:list-item --><\/ul>\n<!-- \/wp:list --><\/li>\n<!-- \/wp:list-item --><!-- wp:list-item -->\n<li>Uden for disse rammer er \u00e6ndringer\/annullering normalt ikke mulige, men kontakt os gerne for at h\u00f8re om mulighederne.<\/li>\n<!-- \/wp:list-item --><\/ul>\n<!-- \/wp:list --><!-- wp:paragraph -->\n<p><strong>Ordrer over 50.000 kr. inkl. moms<\/strong><\/p>\n<!-- \/wp:paragraph --><!-- wp:list -->\n<ul class=\"wp-block-list\"><!-- wp:list-item -->\n<li>G\u00e6lder s\u00e6rlige vilk\u00e5r. Kontakt os p\u00e5 info@tcsm\u00f8rrebr\u00f8d.dk eller p\u00e5 telefon 31 67 86 06.<\/li>\n<!-- \/wp:list-item --><\/ul>\n<!-- \/wp:list --><!-- wp:separator --><hr class=\"wp-block-separator has-alpha-channel-opacity\" \/><!-- \/wp:separator --><!-- wp:paragraph -->\n<p><strong>Levering<\/strong><\/p>\n<!-- \/wp:paragraph --><!-- wp:paragraph -->\n<p>TC Sm\u00f8rrebr\u00f8d leverer i lokalomr\u00e5det. Vi kontrollerer din adresse ved bestilling for at sikre, at vi leverer til dit omr\u00e5de. Kontakt os gerne, hvis du er i tvivl om levering til din adresse.<\/p>\n<!-- \/wp:paragraph --><!-- wp:paragraph -->\n<p>Bem\u00e6rk at vi ikke garanterer levering p\u00e5 det eksakte tidspunkt. Normalt vil vi kunne levere +\/- 30 minutter inden for det angivne tidspunkt. I weekender og i s\u00e6rligt travle perioder, som i julen, p\u00e5sken og pinsen, kan der opst\u00e5 forsinkelser p\u00e5 op imod 45 minutter til en time. Bestil derfor maden i god tid.<\/p>\n<!-- \/wp:paragraph --><!-- wp:paragraph -->\n<p>I tilf\u00e6lde af s\u00e6rlige trafikale forhold som f.eks. uvejr, trafikuheld eller lignende kan vi ligeledes ikke garantere rettidig levering.<\/p>\n<!-- \/wp:paragraph --><!-- wp:paragraph -->\n<p>Kasser og fade tilh\u00f8rer TC Sm\u00f8rrebr\u00f8d. Disse inspiceres og genbruges til nye ordrer. Vi forbeholder os retten til at opkr\u00e6ve betaling som erstatning for beskadigede eller bortkomne kasser og fade.<\/p>\n<!-- \/wp:paragraph --><!-- wp:paragraph -->\n<p>Kunden forpligter sig til at afhente sine varer p\u00e5 det aftalte tidspunkt. Efter 3 timer kasseres varerne, og der ydes ikke refusion. Hvis de 3 timer overskrider tidspunktet for lukketid, kasseres varerne under alle omst\u00e6ndigheder. Det kan forholde sig anderledes, hvis kunden har en skriftlig aftale.<\/p>\n<!-- \/wp:paragraph --><!-- wp:separator --><hr class=\"wp-block-separator has-alpha-channel-opacity\" \/><!-- \/wp:separator --><!-- wp:paragraph -->\n<p><strong>Betaling<\/strong><\/p>\n<!-- \/wp:paragraph --><!-- wp:paragraph -->\n<p>Du kan betale via MobilePay eller med \u00e9t af f\u00f8lgende betalingskort: Dankort, Visa\/Dankort, Mastercard, Visa Electron, Maestro og JCB. Din betaling h\u00e6ves f\u00f8rst, n\u00e5r vi har afsendt din bestilling. Vi opkr\u00e6ver kun kortgebyr p\u00e5 erhvervskort og private kort udstedt uden for Danmark.<\/p>\n<!-- \/wp:paragraph --><!-- wp:paragraph -->\n<p>Det er ogs\u00e5 muligt at f\u00e5 fremsendt en faktura, hvis du er godkendt som fakturakunde \u2013 h\u00f8r os gerne om mulighederne.<\/p>\n<!-- \/wp:paragraph --><!-- wp:paragraph -->\n<p>Alle priser p\u00e5 TC Sm\u00f8rrebr\u00f8d er inklusiv moms og alle afgifter. TC Sm\u00f8rrebr\u00f8d tager forbehold for skrive- og prisfejl.<\/p>\n<!-- \/wp:paragraph --><!-- wp:paragraph -->\n<p>N\u00e5r du har godkendt din betaling, vil du modtage en ordrebekr\u00e6ftelse p\u00e5 mail. Dine kortoplysninger behandles krypteret og sikkert via vores betalingsudbyder \u2013 hverken TC Sm\u00f8rrebr\u00f8d eller andre f\u00e5r adgang til dine kortoplysninger.<\/p>\n<!-- \/wp:paragraph --><!-- wp:list -->\n<ul class=\"wp-block-list\"><!-- wp:list-item -->\n<li>Du skal v\u00e6re minimum 16 \u00e5r for at k\u00f8be alkohol over 1,2%<\/li>\n<!-- \/wp:list-item --><\/ul>\n<!-- \/wp:list --><!-- wp:paragraph -->\n<p>Din bestilling er gennemf\u00f8rt, n\u00e5r din betaling er godkendt, og din sk\u00e6rm viser en kvittering. Du er herefter bundet af din ordre (se dog nedenfor under &#8220;fortrydelsesret&#8221;). Du vil efterf\u00f8lgende modtage en ordrebekr\u00e6ftelse.<\/p>\n<!-- \/wp:paragraph --><!-- wp:separator --><hr class=\"wp-block-separator has-alpha-channel-opacity\" \/><!-- \/wp:separator --><!-- wp:paragraph -->\n<p><strong>Reklamation og kvalitet<\/strong><\/p>\n<!-- \/wp:paragraph --><!-- wp:paragraph -->\n<p>En sj\u00e6lden gang sker det, at der under pakningen bliver byttet rundt p\u00e5 ordrer, s\u00e5 du modtager forkerte sm\u00f8rrebr\u00f8d. Vi sidder altid klar til at hj\u00e6lpe dig. Ring til os p\u00e5 31 67 86 06 eller skriv til info@tcsm\u00f8rrebr\u00f8d.dk, s\u00e5 finder vi en passende l\u00f8sning. Hav gerne dit ordrenummer klar ved henvendelse.<\/p>\n<!-- \/wp:paragraph --><!-- wp:paragraph -->\n<p>Skulle du mod al forventning modtage mad, der ikke lever op til vores kvalitetskrav, bedes du hurtigst muligt kontakte os. Ring til os p\u00e5 31 67 86 06 eller skriv til info@tcsm\u00f8rrebr\u00f8d.dk. Hav gerne dit ordrenummer klar, og vedh\u00e6ft gerne billeddokumentation \u2013 dette bruges til fremtidig kvalitetssikring.<\/p>\n<!-- \/wp:paragraph --><!-- wp:separator --><hr class=\"wp-block-separator has-alpha-channel-opacity\" \/><!-- \/wp:separator --><!-- wp:paragraph -->\n<p><strong>Fortrydelsesret<\/strong><\/p>\n<!-- \/wp:paragraph --><!-- wp:paragraph -->\n<p>Der er ikke fortrydelsesret p\u00e5 mad og levnedsmidler. Du har naturligvis 14 dages fortrydelsesret p\u00e5 alle andre varer, s\u00e5 l\u00e6nge emballagen er ubrudt. Hvis du \u00f8nsker at returnere varer, bedes du skrive til info@tcsm\u00f8rrebr\u00f8d.dk. Hav gerne dit ordrenummer klar.<\/p>\n<!-- \/wp:paragraph --><!-- wp:paragraph -->\n<p>Skulle du modtage varer, der er g\u00e5et i stykker ved modtagelse, h\u00f8rer vi meget gerne fra dig med det samme. Ring til os p\u00e5 31 67 86 06 eller skriv til info@tcsm\u00f8rrebr\u00f8d.dk. Vedh\u00e6ft gerne billeddokumentation.<\/p>\n<!-- \/wp:paragraph --><!-- wp:separator --><hr class=\"wp-block-separator has-alpha-channel-opacity\" \/><!-- \/wp:separator --><!-- wp:paragraph -->\n<p><strong>\u00d8vrigt<\/strong><\/p>\n<!-- \/wp:paragraph --><!-- wp:paragraph -->\n<p>Der m\u00e5 ikke k\u00f8bes varer hos TC Sm\u00f8rrebr\u00f8d med henblik p\u00e5 videresalg.<\/p>\n<!-- \/wp:paragraph --><!-- wp:paragraph -->\n<p>N\u00e5r du bestiller hos os, behandler vi dine personoplysninger for at kunne levere dine varer og informere dig om din ordre. Du kan l\u00e6se mere om behandling af personoplysninger i vores <a href=\"https:\/\/xn--tcsmrrebrd-3cbf.dk\/index.php\/cookie-og-privatlivspolitik-hos-tc-smoerrebroed-aps\/\"><strong>persondatapolitik<\/strong><\/a>.<\/p>\n<!-- \/wp:paragraph --><!-- wp:paragraph -->\n<p>Risikoen for varer k\u00f8bt hos TC Sm\u00f8rrebr\u00f8d overg\u00e5r til dig som forbruger p\u00e5 leveringstidspunktet.<\/p>\n<!-- \/wp:paragraph --><!-- wp:paragraph -->\n<p>Forskellige rabatter kan ikke kombineres.<\/p>\n<!-- \/wp:paragraph -->\t\t\t\t\t\t\t\t<\/div>\n\t\t\t\t\t<\/div>\n\t\t\t\t<\/div>\n\t\t\t\t<\/div>\n\t\t","protected":false},"excerpt":{"rendered":"<p>Handelsbetingelser Bestilling Alle bestillinger p\u00e5 TC Sm\u00f8rrebr\u00f8d skal ske som f\u00f8lger, medmindre andet er aftalt: Generelle \u00e6ndrings- og annulleringsvilk\u00e5r Vi \u00f8nsker at v\u00e6re s\u00e5 fleksible som muligt, men da vi laver maden fra bunden og bemander afh\u00e6ngig af travlhed, har vi nogle vilk\u00e5r omkring \u00e6ndringer og annullering. Medmindre andet er specifikt skriftligt aftalt fra vores [&hellip;]<\/p>\n","protected":false},"author":1,"featured_media":0,"parent":0,"menu_order":0,"comment_status":"closed","ping_status":"closed","template":"","meta":{"footnotes":""},"class_list":["post-336","page","type-page","status-publish","hentry"],"_links":{"self":[{"href":"https:\/\/xn--tcsmrrebrd-3cbf.dk\/index.php\/wp-json\/wp\/v2\/pages\/336","targetHints":{"allow":["GET"]}}],"collection":[{"href":"https:\/\/xn--tcsmrrebrd-3cbf.dk\/index.php\/wp-json\/wp\/v2\/pages"}],"about":[{"href":"https:\/\/xn--tcsmrrebrd-3cbf.dk\/index.php\/wp-json\/wp\/v2\/types\/page"}],"author":[{"embeddable":true,"href":"https:\/\/xn--tcsmrrebrd-3cbf.dk\/index.php\/wp-json\/wp\/v2\/users\/1"}],"replies":[{"embeddable":true,"href":"https:\/\/xn--tcsmrrebrd-3cbf.dk\/index.php\/wp-json\/wp\/v2\/comments?post=336"}],"version-history":[{"count":7,"href":"https:\/\/xn--tcsmrrebrd-3cbf.dk\/index.php\/wp-json\/wp\/v2\/pages\/336\/revisions"}],"predecessor-version":[{"id":350,"href":"https:\/\/xn--tcsmrrebrd-3cbf.dk\/index.php\/wp-json\/wp\/v2\/pages\/336\/revisions\/350"}],"wp:attachment":[{"href":"https:\/\/xn--tcsmrrebrd-3cbf.dk\/index.php\/wp-json\/wp\/v2\/media?parent=336"}],"curies":[{"name":"wp","href":"https:\/\/api.w.org\/{rel}","templated":true}]}}